{"id":16543,"date":"2023-10-02T08:50:59","date_gmt":"2023-10-02T08:50:59","guid":{"rendered":"https:\/\/sas-trinec.cz\/news\/"},"modified":"2024-09-04T07:23:48","modified_gmt":"2024-09-04T07:23:48","slug":"news","status":"publish","type":"page","link":"https:\/\/sas-trinec.cz\/en\/news\/","title":{"rendered":"News"},"content":{"rendered":"\t\t<div data-elementor-type=\"wp-page\" data-elementor-id=\"16543\" class=\"elementor elementor-16543 elementor-4228\">\n\t\t\t\t\t\t\t        <section class=\"elementor-section elementor-top-section elementor-element elementor-element-0b8e545 elementor-section-stretched elementor-section-boxed elementor-section-height-default elementor-section-height-default ct-header-fixed-none ct-column-none ct-row-scroll-none ct-row-gradient--none ct-row-container--default\" data-id=\"0b8e545\" data-element_type=\"section\" data-settings=\"{&quot;stretch_section&quot;:&quot;section-stretched&quot;}\">\n            \n                        <div class=\"elementor-container elementor-column-gap-extended \">\n                    <div class=\"elementor-column elementor-col-100 elementor-top-column elementor-element elementor-element-3850427 ct-column-none col-offset-none\" data-id=\"3850427\" data-element_type=\"column\">\n            <div class=\"elementor-widget-wrap elementor-element-populated\">\n                        \t\t<div class=\"elementor-element elementor-element-2132d5f elementor-widget elementor-widget-ct_blog_grid\" data-id=\"2132d5f\" data-element_type=\"widget\" data-widget_type=\"ct_blog_grid.default\">\n\t\t\t\t<div class=\"elementor-widget-container\">\n\t\t\t\r\n<div id=\"ct_blog_grid-2132d5f\" class=\"ct-grid ct-blog-grid ct-blog-grid-layout2\" data-layout=\"masonry\" data-start-page=\"1\" data-max-pages=\"1\" data-total=\"6\" data-perpage=\"9\" data-next-link=\"\">\r\n    <div class=\"ct-grid-overlay\"><\/div>\r\n    \r\n    <div class=\"ct-grid-inner ct-grid-masonry row animate-time\" data-gutter=\"15\">\r\n                            <div class=\"grid-item col-xl-4 col-lg-4 col-md-6 col-sm-6 col-12 \">\r\n                        <div class=\"grid-item-inner \" data-wow-duration=\"1.2s\">\r\n                                                            <div class=\"item--featured\">\r\n                                    <a href=\"https:\/\/sas-trinec.cz\/en\/new-cnc-fiber-laser-cutting-machine-hg-tech-walc-15035-20000w\/\"><img decoding=\"async\" class=\"\" src=\"https:\/\/sas-trinec.cz\/wp-content\/uploads\/2026\/02\/IMG_2466-scaled-450x457.jpg\" width=\"450\" height=\"457\" alt=\"IMG_2466\" title=\"IMG_2466\" \/><\/a>\r\n                                                                    <\/div>\r\n                                                        <div class=\"item--holder item--main\">\r\n                                                                <h3 class=\"item--title\"><a href=\"https:\/\/sas-trinec.cz\/en\/new-cnc-fiber-laser-cutting-machine-hg-tech-walc-15035-20000w\/\">New CNC Fiber Laser Cutting Machine HG TECH WALC 15035-20000W<\/a><\/h3>\r\n                            <\/div>\r\n                            <div class=\"item--holder item--hover\">\r\n                                                                <div class=\"item--holder-inner\">\r\n                                                            \r\n                                    <div class=\"item--featured-hover\" style=\"background-image: url(https:\/\/sas-trinec.cz\/wp-content\/uploads\/2026\/02\/IMG_2466-scaled.jpg);\"><\/div>\r\n                                                                    <h3 class=\"item--title\"><a href=\"https:\/\/sas-trinec.cz\/en\/new-cnc-fiber-laser-cutting-machine-hg-tech-walc-15035-20000w\/\">New CNC Fiber Laser Cutting Machine HG TECH WALC 15035-20000W<\/a><\/h3>\r\n                                                                            <div class=\"item--content\">\r\n                                                                                    <\/div>\r\n                                                                                                                <div class=\"item--readmore\">\r\n                                            <a class=\"btn-readmore\" href=\"https:\/\/sas-trinec.cz\/en\/new-cnc-fiber-laser-cutting-machine-hg-tech-walc-15035-20000w\/\">\r\n                                                <span>Read more<\/span>\r\n                                                <i class=\"caseicon-angle-arrow-right\"><\/i>\r\n                                            <\/a>\r\n                                        <\/div>\r\n                                                                    <\/div>\r\n                            <\/div>\r\n                        <\/div>\r\n                    <\/div>\r\n                                    <div class=\"grid-item col-xl-4 col-lg-4 col-md-6 col-sm-6 col-12 \">\r\n                        <div class=\"grid-item-inner \" data-wow-duration=\"1.2s\">\r\n                                                            <div class=\"item--featured\">\r\n                                    <a href=\"https:\/\/sas-trinec.cz\/en\/specializovane-zeleznicni-vozy-pro-prepravu-panvi-2-2\/\"><img decoding=\"async\" class=\"\" src=\"https:\/\/sas-trinec.cz\/wp-content\/uploads\/2025\/12\/Ustron-450x457.jpg\" width=\"450\" height=\"457\" alt=\"Ustron\" title=\"Ustron\" \/><\/a>\r\n                                                                    <\/div>\r\n                                                        <div class=\"item--holder item--main\">\r\n                                                                <h3 class=\"item--title\"><a href=\"https:\/\/sas-trinec.cz\/en\/specializovane-zeleznicni-vozy-pro-prepravu-panvi-2-2\/\">SaS T\u0159inec Supports Young Tradespeople<\/a><\/h3>\r\n                            <\/div>\r\n                            <div class=\"item--holder item--hover\">\r\n                                                                <div class=\"item--holder-inner\">\r\n                                                            \r\n                                    <div class=\"item--featured-hover\" style=\"background-image: url(https:\/\/sas-trinec.cz\/wp-content\/uploads\/2025\/12\/Ustron.jpg);\"><\/div>\r\n                                                                    <h3 class=\"item--title\"><a href=\"https:\/\/sas-trinec.cz\/en\/specializovane-zeleznicni-vozy-pro-prepravu-panvi-2-2\/\">SaS T\u0159inec Supports Young Tradespeople<\/a><\/h3>\r\n                                                                            <div class=\"item--content\">\r\n                                            SaS T\u0159inec podporuje mlad\u00e9 \u0159emesln\u00edky \u2013 nov\u00e1 patron\u00e1tn\u00ed t\u0159\u00edda v Ustroniu Minul\u00fd p\u00e1tek,&hellip;                                        <\/div>\r\n                                                                                                                <div class=\"item--readmore\">\r\n                                            <a class=\"btn-readmore\" href=\"https:\/\/sas-trinec.cz\/en\/specializovane-zeleznicni-vozy-pro-prepravu-panvi-2-2\/\">\r\n                                                <span>Read more<\/span>\r\n                                                <i class=\"caseicon-angle-arrow-right\"><\/i>\r\n                                            <\/a>\r\n                                        <\/div>\r\n                                                                    <\/div>\r\n                            <\/div>\r\n                        <\/div>\r\n                    <\/div>\r\n                                    <div class=\"grid-item col-xl-4 col-lg-4 col-md-6 col-sm-6 col-12 \">\r\n                        <div class=\"grid-item-inner \" data-wow-duration=\"1.2s\">\r\n                                                            <div class=\"item--featured\">\r\n                                    <a href=\"https:\/\/sas-trinec.cz\/en\/specializovane-zeleznicni-vozy-pro-prepravu-panvi-2\/\"><img decoding=\"async\" class=\"\" src=\"https:\/\/sas-trinec.cz\/wp-content\/uploads\/2025\/12\/Panve_1-450x457.jpg\" width=\"450\" height=\"457\" alt=\"Panve_1\" title=\"Panve_1\" \/><\/a>\r\n                                                                    <\/div>\r\n                                                        <div class=\"item--holder item--main\">\r\n                                                                <h3 class=\"item--title\"><a href=\"https:\/\/sas-trinec.cz\/en\/specializovane-zeleznicni-vozy-pro-prepravu-panvi-2\/\">Specialized railway wagons<\/a><\/h3>\r\n                            <\/div>\r\n                            <div class=\"item--holder item--hover\">\r\n                                                                <div class=\"item--holder-inner\">\r\n                                                            \r\n                                    <div class=\"item--featured-hover\" style=\"background-image: url(https:\/\/sas-trinec.cz\/wp-content\/uploads\/2025\/12\/Panve_1.jpg);\"><\/div>\r\n                                                                    <h3 class=\"item--title\"><a href=\"https:\/\/sas-trinec.cz\/en\/specializovane-zeleznicni-vozy-pro-prepravu-panvi-2\/\">Specialized railway wagons<\/a><\/h3>\r\n                                                                            <div class=\"item--content\">\r\n                                            Na\u0161e spole\u010dnost vyvinula a vyrobila specializovan\u00e9 \u017eelezni\u010dn\u00ed vozy pro p\u0159epravu p\u00e1nv\u00ed s m\u011bd\u011bnou&hellip;                                        <\/div>\r\n                                                                                                                <div class=\"item--readmore\">\r\n                                            <a class=\"btn-readmore\" href=\"https:\/\/sas-trinec.cz\/en\/specializovane-zeleznicni-vozy-pro-prepravu-panvi-2\/\">\r\n                                                <span>Read more<\/span>\r\n                                                <i class=\"caseicon-angle-arrow-right\"><\/i>\r\n                                            <\/a>\r\n                                        <\/div>\r\n                                                                    <\/div>\r\n                            <\/div>\r\n                        <\/div>\r\n                    <\/div>\r\n                                    <div class=\"grid-item col-xl-4 col-lg-4 col-md-6 col-sm-6 col-12 \">\r\n                        <div class=\"grid-item-inner \" data-wow-duration=\"1.2s\">\r\n                                                            <div class=\"item--featured\">\r\n                                    <a href=\"https:\/\/sas-trinec.cz\/en\/bridge-over-the-opava-river-for-the-town-of-hlucin\/\"><img decoding=\"async\" class=\"\" src=\"https:\/\/sas-trinec.cz\/wp-content\/uploads\/2023\/09\/most_1-450x457.jpg\" width=\"450\" height=\"457\" alt=\"most_1\" title=\"most_1\" \/><\/a>\r\n                                                                    <\/div>\r\n                                                        <div class=\"item--holder item--main\">\r\n                                                                <h3 class=\"item--title\"><a href=\"https:\/\/sas-trinec.cz\/en\/bridge-over-the-opava-river-for-the-town-of-hlucin\/\">Bridge over the Opava River for the town of Hlu\u010d\u00edn<\/a><\/h3>\r\n                            <\/div>\r\n                            <div class=\"item--holder item--hover\">\r\n                                                                <div class=\"item--holder-inner\">\r\n                                                            \r\n                                    <div class=\"item--featured-hover\" style=\"background-image: url(https:\/\/sas-trinec.cz\/wp-content\/uploads\/2023\/09\/most_1.jpg);\"><\/div>\r\n                                                                    <h3 class=\"item--title\"><a href=\"https:\/\/sas-trinec.cz\/en\/bridge-over-the-opava-river-for-the-town-of-hlucin\/\">Bridge over the Opava River for the town of Hlu\u010d\u00edn<\/a><\/h3>\r\n                                                                            <div class=\"item--content\">\r\n                                            The construction of a bridge over the Opava River for the town of&hellip;                                        <\/div>\r\n                                                                                                                <div class=\"item--readmore\">\r\n                                            <a class=\"btn-readmore\" href=\"https:\/\/sas-trinec.cz\/en\/bridge-over-the-opava-river-for-the-town-of-hlucin\/\">\r\n                                                <span>Read more<\/span>\r\n                                                <i class=\"caseicon-angle-arrow-right\"><\/i>\r\n                                            <\/a>\r\n                                        <\/div>\r\n                                                                    <\/div>\r\n                            <\/div>\r\n                        <\/div>\r\n                    <\/div>\r\n                                    <div class=\"grid-item col-xl-4 col-lg-4 col-md-6 col-sm-6 col-12 \">\r\n                        <div class=\"grid-item-inner \" data-wow-duration=\"1.2s\">\r\n                                                            <div class=\"item--featured\">\r\n                                    <a href=\"https:\/\/sas-trinec.cz\/en\/installation-of-the-steel-wind-heater-jacket\/\"><img decoding=\"async\" class=\"\" src=\"https:\/\/sas-trinec.cz\/wp-content\/uploads\/2023\/09\/ov_1-450x457.jpg\" width=\"450\" height=\"457\" alt=\"ov_1\" title=\"ov_1\" \/><\/a>\r\n                                                                    <\/div>\r\n                                                        <div class=\"item--holder item--main\">\r\n                                                                <h3 class=\"item--title\"><a href=\"https:\/\/sas-trinec.cz\/en\/installation-of-the-steel-wind-heater-jacket\/\">Installation of the steel wind heater jacket<\/a><\/h3>\r\n                            <\/div>\r\n                            <div class=\"item--holder item--hover\">\r\n                                                                <div class=\"item--holder-inner\">\r\n                                                            \r\n                                    <div class=\"item--featured-hover\" style=\"background-image: url(https:\/\/sas-trinec.cz\/wp-content\/uploads\/2023\/09\/ov_1.jpg);\"><\/div>\r\n                                                                    <h3 class=\"item--title\"><a href=\"https:\/\/sas-trinec.cz\/en\/installation-of-the-steel-wind-heater-jacket\/\">Installation of the steel wind heater jacket<\/a><\/h3>\r\n                                                                            <div class=\"item--content\">\r\n                                            Our company has completed the manufacture and installation of the steel wind heater&hellip;                                        <\/div>\r\n                                                                                                                <div class=\"item--readmore\">\r\n                                            <a class=\"btn-readmore\" href=\"https:\/\/sas-trinec.cz\/en\/installation-of-the-steel-wind-heater-jacket\/\">\r\n                                                <span>Read more<\/span>\r\n                                                <i class=\"caseicon-angle-arrow-right\"><\/i>\r\n                                            <\/a>\r\n                                        <\/div>\r\n                                                                    <\/div>\r\n                            <\/div>\r\n                        <\/div>\r\n                    <\/div>\r\n                                    <div class=\"grid-item col-xl-4 col-lg-4 col-md-6 col-sm-6 col-12 \">\r\n                        <div class=\"grid-item-inner \" data-wow-duration=\"1.2s\">\r\n                                                            <div class=\"item--featured\">\r\n                                    <a href=\"https:\/\/sas-trinec.cz\/en\/czech-transport-construction-2022\/\"><img decoding=\"async\" class=\"\" src=\"https:\/\/sas-trinec.cz\/wp-content\/uploads\/2023\/06\/IMG_0571_u-450x457.jpg\" width=\"450\" height=\"457\" alt=\"IMG_0571_u\" title=\"IMG_0571_u\" \/><\/a>\r\n                                                                    <\/div>\r\n                                                        <div class=\"item--holder item--main\">\r\n                                                                <h3 class=\"item--title\"><a href=\"https:\/\/sas-trinec.cz\/en\/czech-transport-construction-2022\/\">Czech Transport Construction 2022<\/a><\/h3>\r\n                            <\/div>\r\n                            <div class=\"item--holder item--hover\">\r\n                                                                <div class=\"item--holder-inner\">\r\n                                                            \r\n                                    <div class=\"item--featured-hover\" style=\"background-image: url(https:\/\/sas-trinec.cz\/wp-content\/uploads\/2023\/06\/IMG_0571_u.jpg);\"><\/div>\r\n                                                                    <h3 class=\"item--title\"><a href=\"https:\/\/sas-trinec.cz\/en\/czech-transport-construction-2022\/\">Czech Transport Construction 2022<\/a><\/h3>\r\n                                                                            <div class=\"item--content\">\r\n                                            The bridge over the Opava River in Vrbno pod Prad\u011bdem, in the implementation&hellip;                                        <\/div>\r\n                                                                                                                <div class=\"item--readmore\">\r\n                                            <a class=\"btn-readmore\" href=\"https:\/\/sas-trinec.cz\/en\/czech-transport-construction-2022\/\">\r\n                                                <span>Read more<\/span>\r\n                                                <i class=\"caseicon-angle-arrow-right\"><\/i>\r\n                                            <\/a>\r\n                                        <\/div>\r\n                                                                    <\/div>\r\n                            <\/div>\r\n                        <\/div>\r\n                    <\/div>\r\n                                    <div class=\"grid-sizer col-xl-4 col-lg-4 col-md-6 col-sm-6 col-12\"><\/div>\r\n            <\/div>\r\n            <div class=\"ct-grid-pagination\" data-loadmore=\"{&quot;startPage&quot;:1,&quot;maxPages&quot;:1,&quot;total&quot;:6,&quot;perpage&quot;:9,&quot;nextLink&quot;:&quot;&quot;,&quot;source&quot;:&quot;&quot;,&quot;orderby&quot;:&quot;date&quot;,&quot;order&quot;:&quot;desc&quot;,&quot;limit&quot;:9,&quot;post_ids&quot;:&quot;&quot;,&quot;col_xl&quot;:4,&quot;col_lg&quot;:4,&quot;col_md&quot;:6,&quot;col_sm&quot;:6,&quot;col_xs&quot;:12,&quot;pagination_type&quot;:&quot;pagination&quot;,&quot;show_author&quot;:&quot;&quot;,&quot;show_category&quot;:&quot;&quot;,&quot;show_date&quot;:&quot;&quot;,&quot;show_button&quot;:&quot;true&quot;,&quot;button_text&quot;:&quot;&quot;,&quot;show_excerpt&quot;:&quot;true&quot;,&quot;num_words&quot;:13,&quot;img_size&quot;:&quot;450x457&quot;,&quot;grid_masonry&quot;:&quot;&quot;,&quot;ct_animate&quot;:&quot;&quot;,&quot;template_type&quot;:&quot;post_grid_layout2&quot;,&quot;tax&quot;:[]}\" data-query=\"{&quot;post_type&quot;:&quot;post&quot;,&quot;posts_per_page&quot;:9,&quot;order&quot;:&quot;desc&quot;,&quot;orderby&quot;:&quot;date&quot;,&quot;tax_query&quot;:{&quot;relation&quot;:&quot;OR&quot;},&quot;post__not_in&quot;:[16543]}\">\r\n                    <\/div>\r\n        <\/div>\t\t<\/div>\n\t\t\t\t<\/div>\n\t\t            <\/div>\n        <\/div>\n                            <\/div>\n        <\/section>\n        \t\t\t\t\t<\/div>\n\t\t","protected":false},"excerpt":{"rendered":"<p>\u010cesk\u00e1 dopravn\u00ed stavba 2022 \u010cesk\u00e1 dopravn\u00ed stavba 2022 Most p\u0159es \u0159eku Opavu ve Vrbn\u011b pod Prad\u011bdem na jeho\u017e realizaci se pod\u00edlela&hellip; Read more Mont\u00e1\u017e ocelov\u00e9ho pl\u00e1\u0161t\u011b oh\u0159\u00edva\u010de v\u011btru Mont\u00e1\u017e ocelov\u00e9ho pl\u00e1\u0161t\u011b oh\u0159\u00edva\u010de v\u011btru Na\u0161e spole\u010dnost dokon\u010dila v\u00fdrobu a mont\u00e1\u017e ocelov\u00e9ho pl\u00e1\u0161t\u011b oh\u0159\u00edva\u010de v\u011btru. Read more Most p\u0159es \u0159eku Opavu pro m\u011bsto Hlu\u010d\u00edn Most p\u0159es \u0159eku [&hellip;]<\/p>\n","protected":false},"author":1,"featured_media":0,"parent":0,"menu_order":0,"comment_status":"closed","ping_status":"closed","template":"","meta":{"footnotes":""},"class_list":["post-16543","page","type-page","status-publish","hentry"],"_links":{"self":[{"href":"https:\/\/sas-trinec.cz\/en\/wp-json\/wp\/v2\/pages\/16543","targetHints":{"allow":["GET"]}}],"collection":[{"href":"https:\/\/sas-trinec.cz\/en\/wp-json\/wp\/v2\/pages"}],"about":[{"href":"https:\/\/sas-trinec.cz\/en\/wp-json\/wp\/v2\/types\/page"}],"author":[{"embeddable":true,"href":"https:\/\/sas-trinec.cz\/en\/wp-json\/wp\/v2\/users\/1"}],"replies":[{"embeddable":true,"href":"https:\/\/sas-trinec.cz\/en\/wp-json\/wp\/v2\/comments?post=16543"}],"version-history":[{"count":5,"href":"https:\/\/sas-trinec.cz\/en\/wp-json\/wp\/v2\/pages\/16543\/revisions"}],"predecessor-version":[{"id":18714,"href":"https:\/\/sas-trinec.cz\/en\/wp-json\/wp\/v2\/pages\/16543\/revisions\/18714"}],"wp:attachment":[{"href":"https:\/\/sas-trinec.cz\/en\/wp-json\/wp\/v2\/media?parent=16543"}],"curies":[{"name":"wp","href":"https:\/\/api.w.org\/{rel}","templated":true}]}}